{"id":146,"date":"2021-06-15T14:58:49","date_gmt":"2021-06-15T12:58:49","guid":{"rendered":"https:\/\/pryam.idaxiom.fr\/?page_id=146"},"modified":"2021-06-15T14:58:49","modified_gmt":"2021-06-15T12:58:49","slug":"mentions-legales","status":"publish","type":"page","link":"https:\/\/pryam-consulting.fr\/index.php\/mentions-legales\/","title":{"rendered":"Mentions l\u00e9gales"},"content":{"rendered":"\n<p>Conform\u00e9ment aux dispositions des articles 6-III et 19 de la Loi n\u00b0 2004-575 du 21 juin 2004 pour la Confiance dans l\u2019\u00e9conomie num\u00e9rique, dite L.C.E.N., nous portons \u00e0 la connaissance des utilisateurs et visiteurs du site :&nbsp;www.pryam-consulting.fr les informations suivantes :<\/p>\n\n\n\n<div style=\"height:45px\" aria-hidden=\"true\" class=\"wp-block-spacer\"><\/div>\n\n\n\n<h4>Pr\u00e9sentation du site<\/h4>\n\n\n\n<p>En vertu de l\u2019article 6 de la loi n\u00b0 2004-575 du 21 juin 2004 pour la confiance dans l\u2019\u00e9conomie num\u00e9rique, il est pr\u00e9cis\u00e9 aux utilisateurs du site www.pryam-consulting.fr l\u2019identit\u00e9 de l\u2019intervenant dans le cadre de sa r\u00e9alisation et de son suivi :<\/p>\n\n\n\n<p>Propri\u00e9taire :&nbsp;PRYAM Consulting<\/p>\n\n\n\n<p>Cr\u00e9ateur : IDAXIOM<\/p>\n\n\n\n<p>Responsable publication : PRYAM Consulting <\/p>\n\n\n\n<p>PRYAM Consulting, soci\u00e9t\u00e9 \u00e0 capital social 30 000\u20ac<\/p>\n\n\n\n<p>2, Rue Georges M\u00e9li\u00e8s 78390, BOIS D\u2019ARCY<br>Immatricul\u00e9e au Registre du Commerce et des Soci\u00e9t\u00e9s de\u00a0Versailles<strong> <\/strong>sous le num\u00e9ro<strong>\u00a0<\/strong>502\u00a0722 465<\/p>\n\n\n\n<p>Num\u00e9ro TVA intracommunautaire :\u00a0FR 58 50 27 22 4 65<br>\u00a0<br>Responsable de la publication :\u00a0Thierry Ruau<\/p>\n\n\n\n<div style=\"height:45px\" aria-hidden=\"true\" class=\"wp-block-spacer\"><\/div>\n\n\n\n<h4>H\u00e9bergement<\/h4>\n\n\n\n<p>H\u00e9bergeur : OVH \u2013 2 rue Kellermann \u2013 59100 Roubaix \u2013 France<\/p>\n\n\n\n<div style=\"height:45px\" aria-hidden=\"true\" class=\"wp-block-spacer\"><\/div>\n\n\n\n<h4>Cr\u00e9ation, design et r\u00e9alisation <\/h4>\n\n\n\n<p>Cr\u00e9ation : Idaxiom<\/p>\n\n\n\n<p>Design : Hestia par Theme Isle https:\/\/themeisle.com\/themes\/hestia\/ &amp; Elementor : https:\/\/elementor.com &amp; Worpress : https:\/\/wordpress.com\/fr<\/p>\n\n\n\n<p>R\u00e9alisation : Idaxiom&nbsp;<\/p>\n\n\n\n<div style=\"height:45px\" aria-hidden=\"true\" class=\"wp-block-spacer\"><\/div>\n\n\n\n<h4>Description des services fournis<\/h4>\n\n\n\n<p>Le site&nbsp;www.pryam-consulting.fr a pour objet de fournir une information concernant l\u2019ensemble des activit\u00e9s de la soci\u00e9t\u00e9. Le proprietaire du site s\u2019efforce de fournir sur le site www.pryam-consulting.fr&nbsp;des informations aussi pr\u00e9cises que possible. Toutefois, il ne pourra \u00eatre tenue responsable des omissions, des inexactitudes et des carences dans la mise \u00e0 jour, qu\u2019elles soient de son fait ou du fait des tiers partenaires qui lui fournissent ces informations. Toutes les informations propos\u00e9es sur le site www.pryam-consulting.fr sont donn\u00e9es \u00e0 titre indicatif, sont non exhaustives, et sont susceptibles d\u2019\u00e9voluer. Elles sont donn\u00e9es sous r\u00e9serve de modifications ayant \u00e9t\u00e9 apport\u00e9es depuis leur mise en ligne.&nbsp;&nbsp;<\/p>\n\n\n\n<div style=\"height:45px\" aria-hidden=\"true\" class=\"wp-block-spacer\"><\/div>\n\n\n\n<h4>Propri\u00e9t\u00e9 intellectuelle et contrefa\u00e7ons<\/h4>\n\n\n\n<p>Le proprietaire du site est propri\u00e9taire des droits de propri\u00e9t\u00e9 intellectuelle ou d\u00e9tient les droits d\u2019usage sur tous les \u00e9l\u00e9ments accessibles sur le site, notamment les textes, images, graphismes, logo, ic\u00f4nes, sons, logiciels\u2026 Toute reproduction, repr\u00e9sentation, modification, publication, adaptation totale ou partielle des \u00e9l\u00e9ments du site, quel que soit le moyen ou le proc\u00e9d\u00e9 utilis\u00e9, est interdite, sauf autorisation \u00e9crite pr\u00e9alable via notre formulaire de contact. Toute exploitation non autoris\u00e9e du site ou de quelconque des \u00e9l\u00e9ments qu\u2019il contient sera consid\u00e9r\u00e9e comme constitutive d\u2019une contrefa\u00e7on et poursuivie conform\u00e9ment aux dispositions des articles L.335-2 et suivants du Code de Propri\u00e9t\u00e9 Intellectuelle. &nbsp;<\/p>\n\n\n\n<p>Les marques et logos suivants sont les propri\u00e9t\u00e9s exclusives des entreprises concern\u00e9es et n\u2019ont que pour seul usage de pr\u00e9senter l\u2019utilisation de leurs services sur notre site et par notre entreprise&nbsp;:<\/p>\n\n\n\n<ul><li>Hestia par Theme Isle : https:\/\/themeisle.com\/themes\/hestia\/<\/li><li>Elementor : https:\/\/elementor.com<\/li><li>Worpress : https:\/\/wordpress.com\/fr<\/li><li>ContactForm7 (Rock Lobster, LLC) : https:\/\/contactform7.com<\/li><li>WPForms : https:\/\/wpforms.com<\/li><li>Google Analytics : https:\/\/www.google.com<\/li><\/ul>\n\n\n\n<div style=\"height:45px\" aria-hidden=\"true\" class=\"wp-block-spacer\"><\/div>\n\n\n\n<h4>Droit \u00e0 l&rsquo;image<\/h4>\n\n\n\n<p>Les images sont libres de droit. Leur propri\u00e9t\u00e9 revient aux banques d\u2019images par lesquelles nous en avons acquis la jouissance.<\/p>\n\n\n\n<p>Les sources des images sont :<\/p>\n\n\n\n<ul><li>Hestia Theme<\/li><li>Istock https:\/\/www.istockphoto.com\/fr\/<\/li><\/ul>\n\n\n\n<div style=\"height:45px\" aria-hidden=\"true\" class=\"wp-block-spacer\"><\/div>\n\n\n\n<h4>Politique de confidentialit\u00e9<\/h4>\n\n\n\n<p>Visiter notre page de politique de confidentialit\u00e9<\/p>\n\n\n\n<div style=\"height:45px\" aria-hidden=\"true\" class=\"wp-block-spacer\"><\/div>\n","protected":false},"excerpt":{"rendered":"<p>Conform\u00e9ment aux dispositions des articles 6-III et 19 de la Loi n\u00b0 2004-575 du 21 juin 2004 pour la Confiance dans l\u2019\u00e9conomie num\u00e9rique, dite L.C.E.N., nous portons \u00e0 la connaissance des utilisateurs et visiteurs du site :&nbsp;www.pryam-consulting.fr les informations suivantes : Pr\u00e9sentation du site En vertu de l\u2019article 6 de [&hellip;]<\/p>\n","protected":false},"author":1,"featured_media":0,"parent":0,"menu_order":0,"comment_status":"closed","ping_status":"closed","template":"","meta":[],"_links":{"self":[{"href":"https:\/\/pryam-consulting.fr\/index.php\/wp-json\/wp\/v2\/pages\/146"}],"collection":[{"href":"https:\/\/pryam-consulting.fr\/index.php\/wp-json\/wp\/v2\/pages"}],"about":[{"href":"https:\/\/pryam-consulting.fr\/index.php\/wp-json\/wp\/v2\/types\/page"}],"author":[{"embeddable":true,"href":"https:\/\/pryam-consulting.fr\/index.php\/wp-json\/wp\/v2\/users\/1"}],"replies":[{"embeddable":true,"href":"https:\/\/pryam-consulting.fr\/index.php\/wp-json\/wp\/v2\/comments?post=146"}],"version-history":[{"count":0,"href":"https:\/\/pryam-consulting.fr\/index.php\/wp-json\/wp\/v2\/pages\/146\/revisions"}],"wp:attachment":[{"href":"https:\/\/pryam-consulting.fr\/index.php\/wp-json\/wp\/v2\/media?parent=146"}],"curies":[{"name":"wp","href":"https:\/\/api.w.org\/{rel}","templated":true}]}}